{"id":6219,"date":"2024-09-24T14:48:23","date_gmt":"2024-09-24T14:48:23","guid":{"rendered":"https:\/\/shop.eldis-elektronik.de\/versand__lieferung\/"},"modified":"2025-04-16T18:11:58","modified_gmt":"2025-04-16T16:11:58","slug":"versand-und-lieferung","status":"publish","type":"page","link":"https:\/\/www.eldis-elektronik.de\/shop\/versand-und-lieferung\/","title":{"rendered":"Versand &#038; Lieferung"},"content":{"rendered":"\n<h1>Versand und Lieferung<\/h1>\n<p><strong>Preise, Versandkosten und Lieferinformationen<\/strong><\/p>\n<p>Die auf den Produktseiten genannten Preise enthalten die gesetzliche Mehrwertsteuer und sonstige Preisbestandteile.<\/p>\n<p>Wir liefern nur innerhalb Deutschlands.<\/p>\n<p>Zus\u00e4tzlich zu den angegebenen Preisen berechnen wir f\u00fcr die Lieferung innerhalb Deutschlands 8\u20ac (brutto). Die Versandkosten werden Ihnen im Warenkorbsystem und auf der Bestellseite nochmals deutlich mitgeteilt.<\/p>\n<p>Die Versandkostenpauschale betr\u00e4gt 8 Euro (netto). Die Versandkostenpauschale enth\u00e4lt die gesetzliche Mehrwertsteuer. Da die Mehrwertsteuer auf die Versandkostenpauschale abh\u00e4ngig von den erworbenen Waren berechnet wird, kann sie sich mindern, wenn Waren zu niedrigeren Umsatzsteuers\u00e4tzen erworben werden (z.B. bei Erwerb von B\u00fcchern). Das bedeutet, dass die Versandkostenpauschale erst im Rahmen des Bestellprozesses endg\u00fcltig berechnet werden kann. Sie kann dabei jedoch nicht h\u00f6her, sondern nur zu Ihren Gunsten niedriger werden.<\/p>\n\n\n","protected":false},"excerpt":{"rendered":"","protected":false},"author":1,"featured_media":0,"parent":0,"menu_order":10,"comment_status":"closed","ping_status":"closed","template":"","meta":{"_acf_changed":false,"footnotes":""},"class_list":["post-6219","page","type-page","status-publish","hentry"],"acf":[],"_links":{"self":[{"href":"https:\/\/www.eldis-elektronik.de\/shop\/wp-json\/wp\/v2\/pages\/6219","targetHints":{"allow":["GET"]}}],"collection":[{"href":"https:\/\/www.eldis-elektronik.de\/shop\/wp-json\/wp\/v2\/pages"}],"about":[{"href":"https:\/\/www.eldis-elektronik.de\/shop\/wp-json\/wp\/v2\/types\/page"}],"author":[{"embeddable":true,"href":"https:\/\/www.eldis-elektronik.de\/shop\/wp-json\/wp\/v2\/users\/1"}],"replies":[{"embeddable":true,"href":"https:\/\/www.eldis-elektronik.de\/shop\/wp-json\/wp\/v2\/comments?post=6219"}],"version-history":[{"count":4,"href":"https:\/\/www.eldis-elektronik.de\/shop\/wp-json\/wp\/v2\/pages\/6219\/revisions"}],"predecessor-version":[{"id":12181,"href":"https:\/\/www.eldis-elektronik.de\/shop\/wp-json\/wp\/v2\/pages\/6219\/revisions\/12181"}],"wp:attachment":[{"href":"https:\/\/www.eldis-elektronik.de\/shop\/wp-json\/wp\/v2\/media?parent=6219"}],"curies":[{"name":"wp","href":"https:\/\/api.w.org\/{rel}","templated":true}]}}